{"id":1588,"date":"2021-05-26T09:02:12","date_gmt":"2021-05-26T12:02:12","guid":{"rendered":"http:\/\/www.fecaplant.com.br\/feira\/?page_id=1588"},"modified":"2021-05-26T09:23:41","modified_gmt":"2021-05-26T12:23:41","slug":"isencao-de-responsabilidade","status":"publish","type":"page","link":"https:\/\/www.fecaplant.com.br\/feira\/isencao-de-responsabilidade\/","title":{"rendered":"Isen\u00e7\u00e3o de Responsabilidade"},"content":{"rendered":"<p>[vc_row container=&#8221;1&#8243; css=&#8221;.vc_custom_1622031839421{padding-top: 40px !important;padding-bottom: 30px !important;}&#8221;][vc_column][vc_column_text]<strong>Conte\u00fado do site<\/strong><\/p>\n<p>O autor n\u00e3o assume qualquer responsabilidade sobre a precis\u00e3o, integralidade ou qualidade das informa\u00e7\u00f5es fornecidas. N\u00e3o ser\u00e3o aceitas reclama\u00e7\u00f5es contra o autor com rela\u00e7\u00e3o a danos materiais ou n\u00e3o materiais causados pelo uso ou n\u00e3o uso das informa\u00e7\u00f5es fornecidas ou pelo uso de informa\u00e7\u00f5es incorretas ou incompletas, a menos que isso ocorra claramente por neglig\u00eancia ou inten\u00e7\u00e3o criminal por parte do autor. Todas as ofertas s\u00e3o feitas sem obriga\u00e7\u00e3o nem compromisso. O autor reserva-se o direito de alterar, excluir ou adicionar informa\u00e7\u00f5es ao conte\u00fado do site sem aviso pr\u00e9vio ou remover tempor\u00e1ria ou permanentemente a publica\u00e7\u00e3o da Web.<\/p>\n<p><strong>Refer\u00eancias e links<\/strong><\/p>\n<p>Com refer\u00eancias diretas ou indiretas a sites (links) pelos quais o autor n\u00e3o \u00e9 respons\u00e1vel, a responsabilidade s\u00f3 ser\u00e1 reconhecida em casos em que o autor estiver ciente do conte\u00fado de tais links e quando for tecnicamente poss\u00edvel e razo\u00e1vel para ele impedir o uso em caso de conte\u00fado ilegal. O autor declara expressamente que nenhum conte\u00fado ilegal foi identificado nesses sites no momento em que os links foram adicionados a este documento. O autor n\u00e3o tem qualquer influ\u00eancia sobre o design, o conte\u00fado ou a autoria atual ou futura dos sites vinculados ou mencionados e se isenta de qualquer responsabilidade pelo conte\u00fado desses sites, que pode ser alterado ap\u00f3s a adi\u00e7\u00e3o dos links. Essa isen\u00e7\u00e3o de responsabilidade aplica-se a todos os links e todas as refer\u00eancias presentes no pr\u00f3prio site do autor, bem como a entrada de terceiros no registro de visitantes, em f\u00f3runs de discuss\u00f5es e listas de distribui\u00e7\u00e3o de e-mails disponibilizados pelo autor. Somente os propriet\u00e1rios dos sites vinculados ou mencionados s\u00e3o respons\u00e1veis por informa\u00e7\u00f5es ilegais, incorretas ou incompletas e, principalmente, por danos causados pelo uso ou n\u00e3o uso dessas informa\u00e7\u00f5es. O propriet\u00e1rio do site que cont\u00e9m os links ou as refer\u00eancias a tal site n\u00e3o \u00e9 considerado respons\u00e1vel.<\/p>\n<p><strong>Copyright e direitos de marca registrada<\/strong><\/p>\n<p>Em todas as publica\u00e7\u00f5es, o autor se empenha a usar copyrights dos gr\u00e1ficos, documentos de tons, sequ\u00eancias de v\u00eddeos e textos ou conte\u00fado desse tipo isento de licen\u00e7as. Todas as marcas registradas e os nomes de marcas propriet\u00e1rios contidos neste site est\u00e3o sujeitos, sem limita\u00e7\u00e3o, \u00e0s provis\u00f5es da legisla\u00e7\u00e3o aplic\u00e1vel sobre marcas registradas e est\u00e3o protegidos pelos direitos de propriedade de seus propriet\u00e1rios registrados. A simples men\u00e7\u00e3o dessas marcas e desses nomes n\u00e3o se deve inferir que as marcas registradas n\u00e3o s\u00e3o protegidas por direitos de terceiros. O copyright em sites publicados exclusivamente pelo autor permanece como propriedade do autor do site. A reprodu\u00e7\u00e3o ou o uso desses gr\u00e1ficos, documentos de tons, sequ\u00eancias de v\u00eddeos e textos em outras publica\u00e7\u00f5es eletr\u00f4nicas ou impressas devido ao consentimento expresso pr\u00e9vio do autor \u00e9 proibida.<\/p>\n<p><strong>Vig\u00eancia legal desta isen\u00e7\u00e3o de responsabilidade<\/strong><\/p>\n<p>Esta isen\u00e7\u00e3o de responsabilidade deve ser considerada parte da oferta na Internet em que houve refer\u00eancia a este site. Caso qualquer parte do texto ou termos espec\u00edficos nele contidos n\u00e3o estejam em conformidade total ou deixem de estar em conformidade com a legisla\u00e7\u00e3o em vigor, n\u00e3o haver\u00e1 efeito sobre o restante do documento, nem sobre seu conte\u00fado ou sua validade.[\/vc_column_text][\/vc_column][\/vc_row]<\/p>\n","protected":false},"excerpt":{"rendered":"<p>[vc_row container=&#8221;1&#8243; css=&#8221;.vc_custom_1622031839421{padding-top: 40px !important;padding-bottom: 30px !important;}&#8221;][vc_column][vc_column_text]Conte\u00fado do site O autor n\u00e3o assume qualquer responsabilidade sobre a precis\u00e3o, integralidade ou qualidade das informa\u00e7\u00f5es fornecidas. N\u00e3o ser\u00e3o aceitas reclama\u00e7\u00f5es contra o autor com rela\u00e7\u00e3o a danos materiais ou n\u00e3o materiais causados pelo uso ou n\u00e3o uso das informa\u00e7\u00f5es fornecidas ou pelo uso de informa\u00e7\u00f5es incorretas ou<\/p>\n","protected":false},"author":1,"featured_media":0,"parent":0,"menu_order":0,"comment_status":"closed","ping_status":"closed","template":"tpl-visual_composer.php","meta":{"_acf_changed":false,"footnotes":""},"class_list":["post-1588","page","type-page","status-publish","hentry"],"acf":[],"_links":{"self":[{"href":"https:\/\/www.fecaplant.com.br\/feira\/wp-json\/wp\/v2\/pages\/1588","targetHints":{"allow":["GET"]}}],"collection":[{"href":"https:\/\/www.fecaplant.com.br\/feira\/wp-json\/wp\/v2\/pages"}],"about":[{"href":"https:\/\/www.fecaplant.com.br\/feira\/wp-json\/wp\/v2\/types\/page"}],"author":[{"embeddable":true,"href":"https:\/\/www.fecaplant.com.br\/feira\/wp-json\/wp\/v2\/users\/1"}],"replies":[{"embeddable":true,"href":"https:\/\/www.fecaplant.com.br\/feira\/wp-json\/wp\/v2\/comments?post=1588"}],"version-history":[{"count":4,"href":"https:\/\/www.fecaplant.com.br\/feira\/wp-json\/wp\/v2\/pages\/1588\/revisions"}],"predecessor-version":[{"id":1603,"href":"https:\/\/www.fecaplant.com.br\/feira\/wp-json\/wp\/v2\/pages\/1588\/revisions\/1603"}],"wp:attachment":[{"href":"https:\/\/www.fecaplant.com.br\/feira\/wp-json\/wp\/v2\/media?parent=1588"}],"curies":[{"name":"wp","href":"https:\/\/api.w.org\/{rel}","templated":true}]}}