{"id":1590,"date":"2021-05-26T09:10:57","date_gmt":"2021-05-26T12:10:57","guid":{"rendered":"http:\/\/www.fecaplant.com.br\/feira\/politica-de-cookies-ue\/"},"modified":"2021-05-26T09:20:44","modified_gmt":"2021-05-26T12:20:44","slug":"politica-de-cookies","status":"publish","type":"page","link":"https:\/\/www.fecaplant.com.br\/feira\/politica-de-cookies\/","title":{"rendered":"Pol\u00edtica de Cookies"},"content":{"rendered":"<p style=\"text-align: left;\">A regi\u00e3o EU n\u00e3o est\u00e1 ativada para cookie-statement.<\/p>\n<h2 style=\"text-align: left;\">Mais Informa\u00e7\u00f5es<\/h2>\n<p><a href=\"https:\/\/www.fecaplant.com.br\/feira\/declaracao-de-privacidade\/\">Declara\u00e7\u00e3o de Privacidade<br \/>\n<\/a><a href=\"https:\/\/www.fecaplant.com.br\/feira\/isencao-de-responsabilidade\/\">Isen\u00e7\u00e3o de Responsabilidade<\/a><\/p>\n","protected":false},"excerpt":{"rendered":"<p>Mais Informa\u00e7\u00f5es Declara\u00e7\u00e3o de Privacidade Isen\u00e7\u00e3o de Responsabilidade<\/p>\n","protected":false},"author":1,"featured_media":0,"parent":0,"menu_order":0,"comment_status":"closed","ping_status":"closed","template":"","meta":{"_acf_changed":false,"footnotes":""},"class_list":["post-1590","page","type-page","status-publish","hentry"],"acf":[],"_links":{"self":[{"href":"https:\/\/www.fecaplant.com.br\/feira\/wp-json\/wp\/v2\/pages\/1590","targetHints":{"allow":["GET"]}}],"collection":[{"href":"https:\/\/www.fecaplant.com.br\/feira\/wp-json\/wp\/v2\/pages"}],"about":[{"href":"https:\/\/www.fecaplant.com.br\/feira\/wp-json\/wp\/v2\/types\/page"}],"author":[{"embeddable":true,"href":"https:\/\/www.fecaplant.com.br\/feira\/wp-json\/wp\/v2\/users\/1"}],"replies":[{"embeddable":true,"href":"https:\/\/www.fecaplant.com.br\/feira\/wp-json\/wp\/v2\/comments?post=1590"}],"version-history":[{"count":6,"href":"https:\/\/www.fecaplant.com.br\/feira\/wp-json\/wp\/v2\/pages\/1590\/revisions"}],"predecessor-version":[{"id":1597,"href":"https:\/\/www.fecaplant.com.br\/feira\/wp-json\/wp\/v2\/pages\/1590\/revisions\/1597"}],"wp:attachment":[{"href":"https:\/\/www.fecaplant.com.br\/feira\/wp-json\/wp\/v2\/media?parent=1590"}],"curies":[{"name":"wp","href":"https:\/\/api.w.org\/{rel}","templated":true}]}}