{"id":23,"date":"2017-03-29T05:33:35","date_gmt":"2017-03-29T08:33:35","guid":{"rendered":"http:\/\/localhost\/seville\/?page_id=23"},"modified":"2025-04-22T16:03:51","modified_gmt":"2025-04-22T19:03:51","slug":"corupa","status":"publish","type":"page","link":"https:\/\/www.fecaplant.com.br\/feira\/corupa\/","title":{"rendered":"Corup\u00e1"},"content":{"rendered":"<p>[vc_row css=&#8221;.vc_custom_1527705935235{padding-top: 35px !important;}&#8221;][vc_column]    <div class=\"sec-title-three\">\n            \t<div class=\"title\">Cidade onde acontece nossa feira<\/div>\n                <h2>Cidade de Corup\u00e1<\/h2>\n                <div class=\"text\"><\/div>\n    <\/div>\n   <!--Parallax Section-->\n [\/vc_column][\/vc_row][vc_row container=&#8221;1&#8243;][vc_column][vc_column_text]Foi fundada em 7 de julho de 1897 por Otto Hillbrecht e seu filho Otto Hillbrecht Filho, que compraram os lotes n\u00famero 06 e 07 por 259$00 e 456$00 r\u00e9is respectivamente. Foram os primeiros a deixarem registrado por escrito sua chegada a Hansa Humboldt. O nome Hansa Humboldt foi dado em homenagem ao naturalista alem\u00e3o Alexander von Humboldt e \u00e0 Companhia Hanse\u00e1tica de Coloniza\u00e7\u00e3o, denominada Hansa Humboldt, dirigida por Karl Fabri e que tinha um contrato com o governo de Santa Catarina, para colonizar o Estado.<\/p>\n<p>Corup\u00e1 foi colonizada por imigrantes austr\u00edacos, su\u00ed\u00e7os e, principalmente, por alem\u00e3es. Em 1908 Hansa Humboldt foi elevado \u00e0 categoria de distrito de Joinville, sendo o senhor Ernesto Rucker, o primeiro intendente. A 1 de janeiro de 1944 o nome de Hansa Humboldt foi mudado para Corup\u00e0, devido \u00e0 Segunda Guerra Mundial, passando os imigrantes e descendentes alem\u00e3es a serem perseguidos dentro do Brasil. N\u00e3o se podia mais falar a l\u00edngua alem\u00e3. Assim, os habitantes de Hansa, amedrontados, nunca se perguntaram o porqu\u00ea da mudan\u00e7a, quem mudou e o que significava o nome. Corup\u00e1 teve sua emancipa\u00e7\u00e3o pol\u00edtica no dia 25 de julho de 1958.<\/p>\n<p>O primeiro prefeito eleito foi Willy Germano Gessner. Corup\u00e1 \u00e9 um nome de origem ind\u00edgena e significa paradeiro de seixos (lugar de muitas pedras). Limita-se ao norte com S\u00e3o Bento do Sul, ao sul com Rio dos Cedros, a oeste com Rio Negrinho e a leste com Jaragu\u00e1 do Sul. Possui uma \u00e1rea de 477 km\u00b2, sendo 389,3 km\u00b2 da zona rural e 78,70 km\u00b2 da zona urbana. A temperatura m\u00e9dia \u00e9 de 20\u00baC, sendo que a m\u00e1xima atinge os 40\u00baC. Sua altitude \u00e9 de 62 metros acima do n\u00edvel do mar. Popula\u00e7\u00e3o Atual \u00e9 de 15.337 conforme Instituto Brasileiro de Geografia e Estat\u00edstica (IBGE).<\/p>\n<p><strong><br \/>\nTurismo<\/strong><\/p>\n<p>Corup\u00e1 \u00e9 um destino de beleza surpreendente para os apreciadores do ecoturismo e turismo de aventura! Sua riqueza maior \u00e9 a natureza, em um vale rodeado de quedas d\u00b4\u00e1gua e Mata Atl\u00e2ntica. A localiza\u00e7\u00e3o geogr\u00e1fica no in\u00edcio da subida do Planalto Norte, entre dois p\u00f3los regionais &#8211; Jaragu\u00e1 do Sul e S\u00e3o Bento do Sul &#8211; faz do munic\u00edpio uma escala imperd\u00edvel para quem percorre o Caminho dos Pr\u00edncipes. Muitos rios e lindas cachoeiras, estando 14 delas na RPPN Rota das Cachoeiras &#8211; Em\u00edlio F. Battistella, onde a maior delas tem 125m. No Parque Natural Bra\u00e7o Esquerdo, voc\u00ea encontra gruta, cachoeira e pared\u00e3o de escala, considerado um dos melhores pontos de escalada do Brasil. Mas n\u00e3o \u00e9 s\u00f3 natureza. O Semin\u00e1rio Sagrado Cora\u00e7\u00e3o de Jesus, constru\u00eddo 1929 em estilo g\u00f3tico-romano, abriga um dos museus mais antigos do Estado, o Museu Ir. Luiz Godofredo Gartner, com animais empalhados de v\u00e1rias esp\u00e9cies. Al\u00e9m de tantas outras belezas e locais para conhecer.<\/p>\n<p>A gastronomia t\u00edpica como marreco recheado, strudel de queijinho e bolinho de banana s\u00e3o imperd\u00edveis de saborear!<\/p>\n<p>Somos a Capital Catarinense da Banana, ent\u00e3o n\u00e3o deixe de levar na bagagem nossos produtos a base de banana e tamb\u00e9m o artesanato com a fibra de bananeira, feitos a m\u00e3o.<\/p>\n<p>Venha para Corup\u00e1: <a href=\"http:\/\/www.corupa.sc.gov.br\/turismo\/item\/Atrativos\/\">http:\/\/www.corupa.sc.gov.br\/turismo\/item\/Atrativos\/<\/a><\/p>\n<p>&nbsp;<\/p>\n<p><strong>Hospedagens:<\/strong><\/p>\n<p><a href=\"http:\/\/www.corupa.sc.gov.br\/turismo\/item\/Hospedagem\/\">http:\/\/www.corupa.sc.gov.br\/turismo\/item\/Hospedagem\/<\/a><\/p>\n<p>&nbsp;<\/p>\n<p><strong>Plantas Ornamentais<\/strong><\/p>\n<p>Corup\u00e1 se destaca a n\u00edvel nacional como centro produtor de plantas para paisagismo, em especial, palmeiras<strong>,<\/strong> plantas podadas, dracenas, beocarneas, cicas e uma diversidade de outras esp\u00e9cies essenciais na composi\u00e7\u00e3o de jardins.<\/p>\n<p>&nbsp;<\/p>\n<p><strong>Patrim\u00f4nio Hist\u00f3rico<\/strong><\/p>\n<p>Corup\u00e1 n\u00e3o \u00e9 s\u00f3 natureza. O Semin\u00e1rio Sagrado Cora\u00e7\u00e3o de Jesus, constru\u00eddo em 1929 com tijolos aparentes e amarra\u00e7\u00e3o com presilhas de ferro, abriga um Museu de Hist\u00f3ria Natural, com animais empalhados de v\u00e1rias esp\u00e9cies. Vale tamb\u00e9m conferir os t\u00faneis da RFFSA, o que pode ser feito em passeios de Maria-Fuma\u00e7a.<\/p>\n<p>&nbsp;<\/p>\n<p><strong>Cultura<\/strong><\/p>\n<p>Em Corup\u00e1 existe uma mistura de culturas<strong>,<\/strong> predominando a cultura alem\u00e3, a italiana e a polonesa. Os aspectos culturais se evidenciam na comida, na l\u00edngua, nas constru\u00e7\u00f5es, nas dan\u00e7as, nos costumes e tradi\u00e7\u00f5es. Corup\u00e1 sempre foi rico em expoentes culturais. Tem como exemplo em 1901 a funda\u00e7\u00e3o da Banda Linzmeyer uma das mais famosas das redondezas. Em 1929 fundou-se a Jazz Elite substituindo a banda Linzmeyer, em face da mudan\u00e7a de v\u00e1rios membros da fam\u00edlia para outras localidades.<\/p>\n<p>A Jazz Elite desapareceu na \u00e9poca do surgimento da bossa nova que rejeitava a m\u00fasica tradicional, e ressurgiu em 1991, com a cria\u00e7\u00e3o da Escola Municipal de M\u00fasica Jazz Band Elite. Al\u00e9m dos conjuntos e bandas famosas, Corup\u00e1 tamb\u00e9m j\u00e1 teve diversos grupos de teatro<strong>,<\/strong> as apresenta\u00e7\u00f5es sempre eram muito concorridas, sendo reprisadas.<\/p>\n<p>Atualmente a m\u00fasica vem sendo resgatada atrav\u00e9s do Coral Infantil de Escola, da Escola Municipal de M\u00fasica Jazz Band Elite e do Coral Ecum\u00eanico Corup\u00e1. No munic\u00edpio tamb\u00e9m se destacam os grupos de dan\u00e7a tais como: Grupo Folcl\u00f3rico Neu Fluss e Grupo de Dan\u00e7a La\u00e7os de Tradi\u00e7\u00e3o. A Funda\u00e7\u00e3o Municipal de Cultura preocupa- se em resgatar e manter as tradi\u00e7\u00f5es do munic\u00edpio e na medida do poss\u00edvel incentiva a m\u00fasica, a dan\u00e7a e o teatro.[\/vc_column_text][\/vc_column][\/vc_row]<\/p>\n","protected":false},"excerpt":{"rendered":"<p>[vc_row css=&#8221;.vc_custom_1527705935235{padding-top: 35px !important;}&#8221;][vc_column][\/vc_column][\/vc_row][vc_row container=&#8221;1&#8243;][vc_column][vc_column_text]Foi fundada em 7 de julho de 1897 por Otto Hillbrecht e seu filho Otto Hillbrecht Filho, que compraram os lotes n\u00famero 06 e 07 por 259$00 e 456$00 r\u00e9is respectivamente. Foram os primeiros a deixarem registrado por escrito sua chegada a Hansa Humboldt. O nome Hansa Humboldt foi dado em<\/p>\n","protected":false},"author":1,"featured_media":0,"parent":0,"menu_order":0,"comment_status":"closed","ping_status":"closed","template":"tpl-visual_composer.php","meta":{"_acf_changed":false,"footnotes":""},"class_list":["post-23","page","type-page","status-publish","hentry"],"acf":[],"_links":{"self":[{"href":"https:\/\/www.fecaplant.com.br\/feira\/wp-json\/wp\/v2\/pages\/23","targetHints":{"allow":["GET"]}}],"collection":[{"href":"https:\/\/www.fecaplant.com.br\/feira\/wp-json\/wp\/v2\/pages"}],"about":[{"href":"https:\/\/www.fecaplant.com.br\/feira\/wp-json\/wp\/v2\/types\/page"}],"author":[{"embeddable":true,"href":"https:\/\/www.fecaplant.com.br\/feira\/wp-json\/wp\/v2\/users\/1"}],"replies":[{"embeddable":true,"href":"https:\/\/www.fecaplant.com.br\/feira\/wp-json\/wp\/v2\/comments?post=23"}],"version-history":[{"count":17,"href":"https:\/\/www.fecaplant.com.br\/feira\/wp-json\/wp\/v2\/pages\/23\/revisions"}],"predecessor-version":[{"id":2017,"href":"https:\/\/www.fecaplant.com.br\/feira\/wp-json\/wp\/v2\/pages\/23\/revisions\/2017"}],"wp:attachment":[{"href":"https:\/\/www.fecaplant.com.br\/feira\/wp-json\/wp\/v2\/media?parent=23"}],"curies":[{"name":"wp","href":"https:\/\/api.w.org\/{rel}","templated":true}]}}